{"id":2,"date":"2026-03-18T10:52:22","date_gmt":"2026-03-18T10:52:22","guid":{"rendered":"https:\/\/jbbarreiros.rkinformatika.online\/?page_id=2"},"modified":"2026-03-18T15:02:44","modified_gmt":"2026-03-18T15:02:44","slug":"inicio","status":"publish","type":"page","link":"https:\/\/jbbarreiros.com\/eu\/","title":{"rendered":"Hasiera"},"content":{"rendered":"<div data-elementor-type=\"wp-page\" data-elementor-id=\"2\" class=\"elementor elementor-2\" data-elementor-post-type=\"page\">\n\t\t\t\t<div class=\"elementor-element elementor-element-e885a86 e-flex e-con-boxed e-con e-parent\" data-id=\"e885a86\" data-element_type=\"container\" data-e-type=\"container\" data-settings=\"{&quot;background_background&quot;:&quot;classic&quot;}\">\n\t\t\t\t\t<div class=\"e-con-inner\">\n\t\t<div class=\"elementor-element elementor-element-4d32c14 e-con-full e-flex elementor-invisible e-con e-child\" data-id=\"4d32c14\" data-element_type=\"container\" data-e-type=\"container\" data-settings=\"{&quot;animation&quot;:&quot;fadeInDown&quot;}\">\n\t\t\t\t<div class=\"elementor-element elementor-element-2606407 elementor-widget elementor-widget-heading\" data-id=\"2606407\" data-element_type=\"widget\" data-e-type=\"widget\" data-widget_type=\"heading.default\">\n\t\t\t\t\t<h2 class=\"elementor-heading-title elementor-size-default\">Moda denda Multimarka gizon eta emakumeentzat<\/h2>\t\t\t\t<\/div>\n\t\t\t\t<\/div>\n\t\t\t\t\t<\/div>\n\t\t\t\t<\/div>\n\t\t<div class=\"elementor-element elementor-element-39c2ab5 e-flex e-con-boxed e-con e-parent\" data-id=\"39c2ab5\" data-element_type=\"container\" data-e-type=\"container\">\n\t\t\t\t\t<div class=\"e-con-inner\">\n\t\t<div class=\"elementor-element elementor-element-d622b1e e-con-full e-flex e-con e-child\" data-id=\"d622b1e\" data-element_type=\"container\" data-e-type=\"container\">\n\t\t\t\t<div class=\"elementor-element elementor-element-132b65f elementor-widget elementor-widget-image\" data-id=\"132b65f\" data-element_type=\"widget\" data-e-type=\"widget\" data-widget_type=\"image.default\">\n\t\t\t\t\t\t\t\t\t\t\t\t\t\t\t<img fetchpriority=\"high\" decoding=\"async\" width=\"720\" height=\"720\" src=\"https:\/\/jbbarreiros.com\/wp-content\/uploads\/2026\/03\/FB_IMG_1771502329971-JB-Barreiros.jpg\" class=\"attachment-full size-full wp-image-194\" alt=\"\" srcset=\"https:\/\/jbbarreiros.com\/wp-content\/uploads\/2026\/03\/FB_IMG_1771502329971-JB-Barreiros.jpg 720w, https:\/\/jbbarreiros.com\/wp-content\/uploads\/2026\/03\/FB_IMG_1771502329971-JB-Barreiros-300x300.jpg 300w, https:\/\/jbbarreiros.com\/wp-content\/uploads\/2026\/03\/FB_IMG_1771502329971-JB-Barreiros-150x150.jpg 150w, https:\/\/jbbarreiros.com\/wp-content\/uploads\/2026\/03\/FB_IMG_1771502329971-JB-Barreiros-12x12.jpg 12w\" sizes=\"(max-width: 720px) 100vw, 720px\" \/>\t\t\t\t\t\t\t\t\t\t\t\t\t\t\t<\/div>\n\t\t\t\t<\/div>\n\t\t<div class=\"elementor-element elementor-element-88f4346 e-con-full e-flex e-con e-child\" data-id=\"88f4346\" data-element_type=\"container\" data-e-type=\"container\">\n\t\t\t\t<div class=\"elementor-element elementor-element-1e9cb01 elementor-widget elementor-widget-heading\" data-id=\"1e9cb01\" data-element_type=\"widget\" data-e-type=\"widget\" data-widget_type=\"heading.default\">\n\t\t\t\t\t<h2 class=\"elementor-heading-title elementor-size-default\">Ikuspena<\/h2>\t\t\t\t<\/div>\n\t\t\t\t<div class=\"elementor-element elementor-element-5eb85ab elementor-widget-divider--view-line_icon elementor-view-default elementor-widget-divider--element-align-center elementor-widget elementor-widget-divider\" data-id=\"5eb85ab\" data-element_type=\"widget\" data-e-type=\"widget\" data-widget_type=\"divider.default\">\n\t\t\t\t\t\t\t<div class=\"elementor-divider\">\n\t\t\t<span class=\"elementor-divider-separator\">\n\t\t\t\t\t\t\t<div class=\"elementor-icon elementor-divider__element\">\n\t\t\t\t\t<svg aria-hidden=\"true\" class=\"e-font-icon-svg e-fas-gifts\" viewbox=\"0 0 640 512\" xmlns=\"http:\/\/www.w3.org\/2000\/svg\"><path d=\"M240.6 194.1c1.9-30.8 17.3-61.2 44-79.8C279.4 103.5 268.7 96 256 96h-29.4l30.7-22c7.2-5.1 8.9-15.1 3.7-22.3l-9.3-13c-5.1-7.2-15.1-8.9-22.3-3.7l-32 22.9 11.5-30.6c3.1-8.3-1.1-17.5-9.4-20.6l-15-5.6c-8.3-3.1-17.5 1.1-20.6 9.4l-19.9 53-19.9-53.1C121 2.1 111.8-2.1 103.5 1l-15 5.6C80.2 9.7 76 19 79.2 27.2l11.5 30.6L58.6 35c-7.2-5.1-17.2-3.5-22.3 3.7l-9.3 13c-5.1 7.2-3.5 17.2 3.7 22.3l30.7 22H32c-17.7 0-32 14.3-32 32v352c0 17.7 14.3 32 32 32h168.9c-5.5-9.5-8.9-20.3-8.9-32V256c0-29.9 20.8-55 48.6-61.9zM224 480c0 17.7 14.3 32 32 32h160V384H224v96zm224 32h160c17.7 0 32-14.3 32-32v-96H448v128zm160-288h-20.4c2.6-7.6 4.4-15.5 4.4-23.8 0-35.5-27-72.2-72.1-72.2-48.1 0-75.9 47.7-87.9 75.3-12.1-27.6-39.9-75.3-87.9-75.3-45.1 0-72.1 36.7-72.1 72.2 0 8.3 1.7 16.2 4.4 23.8H256c-17.7 0-32 14.3-32 32v96h192V224h15.3l.7-.2.7.2H448v128h192v-96c0-17.7-14.3-32-32-32zm-272 0c-2.7-1.4-5.1-3-7.2-4.8-7.3-6.4-8.8-13.8-8.8-19 0-9.7 6.4-24.2 24.1-24.2 18.7 0 35.6 27.4 44.5 48H336zm199.2-4.8c-2.1 1.8-4.5 3.4-7.2 4.8h-52.6c8.8-20.3 25.8-48 44.5-48 17.7 0 24.1 14.5 24.1 24.2 0 5.2-1.5 12.6-8.8 19z\"><\/path><\/svg><\/div>\n\t\t\t\t\t\t<\/span>\n\t\t<\/div>\n\t\t\t\t\t\t<\/div>\n\t\t\t\t<div class=\"elementor-element elementor-element-8282b2a elementor-widget elementor-widget-text-editor\" data-id=\"8282b2a\" data-element_type=\"widget\" data-e-type=\"widget\" data-widget_type=\"text-editor.default\">\n\t\t\t\t\t\t\t\t\t<p><strong>JB Barreiros<\/strong> ikuspegi argi eta handinahi batekin ekin dio bere ibilbideari: gizonei eta emakumeei espazio bakar bat eskaintzea, modaren azken joerak aurkitu eta denentzat irisgarria den leku bakar batean aurkitu ahal izateko.<\/p>\t\t\t\t\t\t\t\t<\/div>\n\t\t\t\t<\/div>\n\t\t\t\t\t<\/div>\n\t\t\t\t<\/div>\n\t\t<div class=\"elementor-element elementor-element-4b649a0 e-flex e-con-boxed e-con e-parent\" data-id=\"4b649a0\" data-element_type=\"container\" data-e-type=\"container\">\n\t\t\t\t\t<div class=\"e-con-inner\">\n\t\t<div class=\"elementor-element elementor-element-cce53ce e-con-full e-flex e-con e-child\" data-id=\"cce53ce\" data-element_type=\"container\" data-e-type=\"container\">\n\t\t\t\t<div class=\"elementor-element elementor-element-1292239 elementor-widget elementor-widget-heading\" data-id=\"1292239\" data-element_type=\"widget\" data-e-type=\"widget\" data-widget_type=\"heading.default\">\n\t\t\t\t\t<h2 class=\"elementor-heading-title elementor-size-default\">Guri buruz<\/h2>\t\t\t\t<\/div>\n\t\t\t\t<div class=\"elementor-element elementor-element-770302f elementor-widget-divider--view-line_icon elementor-view-default elementor-widget-divider--element-align-center elementor-widget elementor-widget-divider\" data-id=\"770302f\" data-element_type=\"widget\" data-e-type=\"widget\" data-widget_type=\"divider.default\">\n\t\t\t\t\t\t\t<div class=\"elementor-divider\">\n\t\t\t<span class=\"elementor-divider-separator\">\n\t\t\t\t\t\t\t<div class=\"elementor-icon elementor-divider__element\">\n\t\t\t\t\t<svg aria-hidden=\"true\" class=\"e-font-icon-svg e-fas-gifts\" viewbox=\"0 0 640 512\" xmlns=\"http:\/\/www.w3.org\/2000\/svg\"><path d=\"M240.6 194.1c1.9-30.8 17.3-61.2 44-79.8C279.4 103.5 268.7 96 256 96h-29.4l30.7-22c7.2-5.1 8.9-15.1 3.7-22.3l-9.3-13c-5.1-7.2-15.1-8.9-22.3-3.7l-32 22.9 11.5-30.6c3.1-8.3-1.1-17.5-9.4-20.6l-15-5.6c-8.3-3.1-17.5 1.1-20.6 9.4l-19.9 53-19.9-53.1C121 2.1 111.8-2.1 103.5 1l-15 5.6C80.2 9.7 76 19 79.2 27.2l11.5 30.6L58.6 35c-7.2-5.1-17.2-3.5-22.3 3.7l-9.3 13c-5.1 7.2-3.5 17.2 3.7 22.3l30.7 22H32c-17.7 0-32 14.3-32 32v352c0 17.7 14.3 32 32 32h168.9c-5.5-9.5-8.9-20.3-8.9-32V256c0-29.9 20.8-55 48.6-61.9zM224 480c0 17.7 14.3 32 32 32h160V384H224v96zm224 32h160c17.7 0 32-14.3 32-32v-96H448v128zm160-288h-20.4c2.6-7.6 4.4-15.5 4.4-23.8 0-35.5-27-72.2-72.1-72.2-48.1 0-75.9 47.7-87.9 75.3-12.1-27.6-39.9-75.3-87.9-75.3-45.1 0-72.1 36.7-72.1 72.2 0 8.3 1.7 16.2 4.4 23.8H256c-17.7 0-32 14.3-32 32v96h192V224h15.3l.7-.2.7.2H448v128h192v-96c0-17.7-14.3-32-32-32zm-272 0c-2.7-1.4-5.1-3-7.2-4.8-7.3-6.4-8.8-13.8-8.8-19 0-9.7 6.4-24.2 24.1-24.2 18.7 0 35.6 27.4 44.5 48H336zm199.2-4.8c-2.1 1.8-4.5 3.4-7.2 4.8h-52.6c8.8-20.3 25.8-48 44.5-48 17.7 0 24.1 14.5 24.1 24.2 0 5.2-1.5 12.6-8.8 19z\"><\/path><\/svg><\/div>\n\t\t\t\t\t\t<\/span>\n\t\t<\/div>\n\t\t\t\t\t\t<\/div>\n\t\t\t\t<div class=\"elementor-element elementor-element-07d96d6 elementor-widget elementor-widget-text-editor\" data-id=\"07d96d6\" data-element_type=\"widget\" data-e-type=\"widget\" data-widget_type=\"text-editor.default\">\n\t\t\t\t\t\t\t\t\t<p>Algortako (Getxo) bihotz dardaratsuan kokatuta, gure bezero bakoitzarentzat erosketa esperientzia bakar, intimo eta hurbila sortzeko gogo sutsuarekin osatzen da modarekiko dugun grina.<\/p>\n<p>Hemen, moda izateaz gain, giro atsegina eta atsegina eskaintzen dugu, bisitari bakoitza ongi etorria eta baloratua sentitzeko, erosketa esperientzia ahaztezina bizitzeko aukera sortuz.<\/p>\t\t\t\t\t\t\t\t<\/div>\n\t\t\t\t<\/div>\n\t\t<div class=\"elementor-element elementor-element-2714c8a e-con-full e-flex e-con e-child\" data-id=\"2714c8a\" data-element_type=\"container\" data-e-type=\"container\">\n\t\t\t\t<div class=\"elementor-element elementor-element-cfffa41 elementor-widget elementor-widget-image\" data-id=\"cfffa41\" data-element_type=\"widget\" data-e-type=\"widget\" data-widget_type=\"image.default\">\n\t\t\t\t\t\t\t\t\t\t\t\t\t\t\t<img decoding=\"async\" width=\"1080\" height=\"1080\" src=\"https:\/\/jbbarreiros.com\/wp-content\/uploads\/2026\/03\/FB_IMG_1771502458875-JB-Barreiros.jpg\" class=\"attachment-full size-full wp-image-193\" alt=\"\" srcset=\"https:\/\/jbbarreiros.com\/wp-content\/uploads\/2026\/03\/FB_IMG_1771502458875-JB-Barreiros.jpg 1080w, https:\/\/jbbarreiros.com\/wp-content\/uploads\/2026\/03\/FB_IMG_1771502458875-JB-Barreiros-300x300.jpg 300w, https:\/\/jbbarreiros.com\/wp-content\/uploads\/2026\/03\/FB_IMG_1771502458875-JB-Barreiros-1024x1024.jpg 1024w, https:\/\/jbbarreiros.com\/wp-content\/uploads\/2026\/03\/FB_IMG_1771502458875-JB-Barreiros-150x150.jpg 150w, https:\/\/jbbarreiros.com\/wp-content\/uploads\/2026\/03\/FB_IMG_1771502458875-JB-Barreiros-768x768.jpg 768w, https:\/\/jbbarreiros.com\/wp-content\/uploads\/2026\/03\/FB_IMG_1771502458875-JB-Barreiros-12x12.jpg 12w\" sizes=\"(max-width: 1080px) 100vw, 1080px\" \/>\t\t\t\t\t\t\t\t\t\t\t\t\t\t\t<\/div>\n\t\t\t\t<\/div>\n\t\t\t\t\t<\/div>\n\t\t\t\t<\/div>\n\t\t<div class=\"elementor-element elementor-element-cff5889 e-flex e-con-boxed e-con e-parent\" data-id=\"cff5889\" data-element_type=\"container\" data-e-type=\"container\" data-settings=\"{&quot;background_background&quot;:&quot;classic&quot;}\">\n\t\t\t\t\t<div class=\"e-con-inner\">\n\t\t\t\t<div class=\"elementor-element elementor-element-fe336f7 elementor-invisible elementor-widget elementor-widget-heading\" data-id=\"fe336f7\" data-element_type=\"widget\" data-e-type=\"widget\" data-settings=\"{&quot;_animation&quot;:&quot;fadeInDown&quot;}\" data-widget_type=\"heading.default\">\n\t\t\t\t\t<h2 class=\"elementor-heading-title elementor-size-default\">Xehetasunaren balioa ulertzen dutenentzat pentsatutako moda!<\/h2>\t\t\t\t<\/div>\n\t\t\t\t<div class=\"elementor-element elementor-element-698844b elementor-invisible elementor-widget elementor-widget-button\" data-id=\"698844b\" data-element_type=\"widget\" data-e-type=\"widget\" data-settings=\"{&quot;_animation&quot;:&quot;fadeInDown&quot;}\" data-widget_type=\"button.default\">\n\t\t\t\t\t\t\t\t\t\t<a class=\"elementor-button elementor-button-link elementor-size-sm elementor-animation-float\" href=\"\/eu\/servicios\/\">\n\t\t\t\t\t\t<span class=\"elementor-button-content-wrapper\">\n\t\t\t\t\t\t\t\t\t<span class=\"elementor-button-text\">Zerbitzuak<\/span>\n\t\t\t\t\t<\/span>\n\t\t\t\t\t<\/a>\n\t\t\t\t\t\t\t\t<\/div>\n\t\t\t\t\t<\/div>\n\t\t\t\t<\/div>\n\t\t<div class=\"elementor-element elementor-element-e68ac03 e-flex e-con-boxed e-con e-parent\" data-id=\"e68ac03\" data-element_type=\"container\" data-e-type=\"container\">\n\t\t\t\t\t<div class=\"e-con-inner\">\n\t\t<div class=\"elementor-element elementor-element-4a28554 e-con-full e-flex e-con e-child\" data-id=\"4a28554\" data-element_type=\"container\" data-e-type=\"container\">\n\t\t\t\t<div class=\"elementor-element elementor-element-7d023e2 elementor-widget elementor-widget-image\" data-id=\"7d023e2\" data-element_type=\"widget\" data-e-type=\"widget\" data-widget_type=\"image.default\">\n\t\t\t\t\t\t\t\t\t\t\t\t\t\t\t<img decoding=\"async\" width=\"720\" height=\"720\" src=\"https:\/\/jbbarreiros.com\/wp-content\/uploads\/2026\/03\/FB_IMG_1771502372597-JB-Barreiros.jpg\" class=\"attachment-full size-full wp-image-192\" alt=\"\" srcset=\"https:\/\/jbbarreiros.com\/wp-content\/uploads\/2026\/03\/FB_IMG_1771502372597-JB-Barreiros.jpg 720w, https:\/\/jbbarreiros.com\/wp-content\/uploads\/2026\/03\/FB_IMG_1771502372597-JB-Barreiros-300x300.jpg 300w, https:\/\/jbbarreiros.com\/wp-content\/uploads\/2026\/03\/FB_IMG_1771502372597-JB-Barreiros-150x150.jpg 150w, https:\/\/jbbarreiros.com\/wp-content\/uploads\/2026\/03\/FB_IMG_1771502372597-JB-Barreiros-12x12.jpg 12w\" sizes=\"(max-width: 720px) 100vw, 720px\" \/>\t\t\t\t\t\t\t\t\t\t\t\t\t\t\t<\/div>\n\t\t\t\t<\/div>\n\t\t<div class=\"elementor-element elementor-element-89f9626 e-con-full e-flex e-con e-child\" data-id=\"89f9626\" data-element_type=\"container\" data-e-type=\"container\">\n\t\t\t\t<div class=\"elementor-element elementor-element-62244b5 elementor-widget elementor-widget-heading\" data-id=\"62244b5\" data-element_type=\"widget\" data-e-type=\"widget\" data-widget_type=\"heading.default\">\n\t\t\t\t\t<h2 class=\"elementor-heading-title elementor-size-default\">Dotorezia ez da jarraitzen, egunero bizitzen da<\/h2>\t\t\t\t<\/div>\n\t\t\t\t<div class=\"elementor-element elementor-element-0617ff8 elementor-widget-divider--view-line_icon elementor-view-default elementor-widget-divider--element-align-center elementor-widget elementor-widget-divider\" data-id=\"0617ff8\" data-element_type=\"widget\" data-e-type=\"widget\" data-widget_type=\"divider.default\">\n\t\t\t\t\t\t\t<div class=\"elementor-divider\">\n\t\t\t<span class=\"elementor-divider-separator\">\n\t\t\t\t\t\t\t<div class=\"elementor-icon elementor-divider__element\">\n\t\t\t\t\t<svg aria-hidden=\"true\" class=\"e-font-icon-svg e-fas-gifts\" viewbox=\"0 0 640 512\" xmlns=\"http:\/\/www.w3.org\/2000\/svg\"><path d=\"M240.6 194.1c1.9-30.8 17.3-61.2 44-79.8C279.4 103.5 268.7 96 256 96h-29.4l30.7-22c7.2-5.1 8.9-15.1 3.7-22.3l-9.3-13c-5.1-7.2-15.1-8.9-22.3-3.7l-32 22.9 11.5-30.6c3.1-8.3-1.1-17.5-9.4-20.6l-15-5.6c-8.3-3.1-17.5 1.1-20.6 9.4l-19.9 53-19.9-53.1C121 2.1 111.8-2.1 103.5 1l-15 5.6C80.2 9.7 76 19 79.2 27.2l11.5 30.6L58.6 35c-7.2-5.1-17.2-3.5-22.3 3.7l-9.3 13c-5.1 7.2-3.5 17.2 3.7 22.3l30.7 22H32c-17.7 0-32 14.3-32 32v352c0 17.7 14.3 32 32 32h168.9c-5.5-9.5-8.9-20.3-8.9-32V256c0-29.9 20.8-55 48.6-61.9zM224 480c0 17.7 14.3 32 32 32h160V384H224v96zm224 32h160c17.7 0 32-14.3 32-32v-96H448v128zm160-288h-20.4c2.6-7.6 4.4-15.5 4.4-23.8 0-35.5-27-72.2-72.1-72.2-48.1 0-75.9 47.7-87.9 75.3-12.1-27.6-39.9-75.3-87.9-75.3-45.1 0-72.1 36.7-72.1 72.2 0 8.3 1.7 16.2 4.4 23.8H256c-17.7 0-32 14.3-32 32v96h192V224h15.3l.7-.2.7.2H448v128h192v-96c0-17.7-14.3-32-32-32zm-272 0c-2.7-1.4-5.1-3-7.2-4.8-7.3-6.4-8.8-13.8-8.8-19 0-9.7 6.4-24.2 24.1-24.2 18.7 0 35.6 27.4 44.5 48H336zm199.2-4.8c-2.1 1.8-4.5 3.4-7.2 4.8h-52.6c8.8-20.3 25.8-48 44.5-48 17.7 0 24.1 14.5 24.1 24.2 0 5.2-1.5 12.6-8.8 19z\"><\/path><\/svg><\/div>\n\t\t\t\t\t\t<\/span>\n\t\t<\/div>\n\t\t\t\t\t\t<\/div>\n\t\t\t\t<div class=\"elementor-element elementor-element-611f165 elementor-widget elementor-widget-text-editor\" data-id=\"611f165\" data-element_type=\"widget\" data-e-type=\"widget\" data-widget_type=\"text-editor.default\">\n\t\t\t\t\t\t\t\t\t<p>JB Barreirosen, denda bat baino gehiago izan nahi dugu; estiloa eta benetakotasuna bilatzen dutenentzat helmuga izan nahi dugu.<\/p>\t\t\t\t\t\t\t\t<\/div>\n\t\t\t\t<\/div>\n\t\t\t\t\t<\/div>\n\t\t\t\t<\/div>\n\t\t\t\t<\/div>","protected":false},"excerpt":{"rendered":"<p>Tienda de Moda Multimarca para caballero y mujer Visi\u00f3n JB Barreiros comienza su andadura con una visi\u00f3n clara y ambiciosa: ofrecer a hombres y mujeres un espacio \u00fanico donde puedan descubrir y encontrar las \u00faltimas tendencias de moda en un solo lugar accesible para todos. Sobre Nosotros Situada en el vibrante coraz\u00f3n de Algorta (Getxo), [&hellip;]<\/p>\n","protected":false},"author":1,"featured_media":0,"parent":0,"menu_order":0,"comment_status":"closed","ping_status":"closed","template":"elementor_canvas","meta":{"footnotes":""},"class_list":["post-2","page","type-page","status-publish","hentry"],"yoast_head":"<!-- This site is optimized with the Yoast SEO plugin v27.3 - https:\/\/yoast.com\/product\/yoast-seo-wordpress\/ -->\n<title>Inicio - JB Modas<\/title>\n<meta name=\"robots\" content=\"index, follow, max-snippet:-1, max-image-preview:large, max-video-preview:-1\" \/>\n<link rel=\"canonical\" href=\"https:\/\/jbbarreiros.com\/eu\/\" \/>\n<meta property=\"og:locale\" content=\"en_US\" \/>\n<meta property=\"og:type\" content=\"article\" \/>\n<meta property=\"og:title\" content=\"Inicio - JB Modas\" \/>\n<meta property=\"og:description\" content=\"Tienda de Moda Multimarca para caballero y mujer Visi\u00f3n JB Barreiros comienza su andadura con una visi\u00f3n clara y ambiciosa: ofrecer a hombres y mujeres un espacio \u00fanico donde puedan descubrir y encontrar las \u00faltimas tendencias de moda en un solo lugar accesible para todos. Sobre Nosotros Situada en el vibrante coraz\u00f3n de Algorta (Getxo), [&hellip;]\" \/>\n<meta property=\"og:url\" content=\"https:\/\/jbbarreiros.com\/eu\/\" \/>\n<meta property=\"og:site_name\" content=\"JB Modas\" \/>\n<meta property=\"article:modified_time\" content=\"2026-03-18T15:02:44+00:00\" \/>\n<meta property=\"og:image\" content=\"https:\/\/jbbarreiros.com\/wp-content\/uploads\/2026\/03\/FB_IMG_1771502329971-JB-Barreiros.jpg\" \/>\n<meta name=\"twitter:card\" content=\"summary_large_image\" \/>\n<meta name=\"twitter:label1\" content=\"Est. reading time\" \/>\n\t<meta name=\"twitter:data1\" content=\"1 minutua\" \/>\n<script type=\"application\/ld+json\" class=\"yoast-schema-graph\">{\"@context\":\"https:\\\/\\\/schema.org\",\"@graph\":[{\"@type\":\"WebPage\",\"@id\":\"https:\\\/\\\/jbbarreiros.com\\\/\",\"url\":\"https:\\\/\\\/jbbarreiros.com\\\/\",\"name\":\"Inicio - JB Modas\",\"isPartOf\":{\"@id\":\"https:\\\/\\\/jbbarreiros.com\\\/#website\"},\"primaryImageOfPage\":{\"@id\":\"https:\\\/\\\/jbbarreiros.com\\\/#primaryimage\"},\"image\":{\"@id\":\"https:\\\/\\\/jbbarreiros.com\\\/#primaryimage\"},\"thumbnailUrl\":\"https:\\\/\\\/jbbarreiros.com\\\/wp-content\\\/uploads\\\/2026\\\/03\\\/FB_IMG_1771502329971-JB-Barreiros.jpg\",\"datePublished\":\"2026-03-18T10:52:22+00:00\",\"dateModified\":\"2026-03-18T15:02:44+00:00\",\"breadcrumb\":{\"@id\":\"https:\\\/\\\/jbbarreiros.com\\\/#breadcrumb\"},\"inLanguage\":\"eu\",\"potentialAction\":[{\"@type\":\"ReadAction\",\"target\":[\"https:\\\/\\\/jbbarreiros.com\\\/\"]}]},{\"@type\":\"ImageObject\",\"inLanguage\":\"eu\",\"@id\":\"https:\\\/\\\/jbbarreiros.com\\\/#primaryimage\",\"url\":\"https:\\\/\\\/jbbarreiros.com\\\/wp-content\\\/uploads\\\/2026\\\/03\\\/FB_IMG_1771502329971-JB-Barreiros.jpg\",\"contentUrl\":\"https:\\\/\\\/jbbarreiros.com\\\/wp-content\\\/uploads\\\/2026\\\/03\\\/FB_IMG_1771502329971-JB-Barreiros.jpg\"},{\"@type\":\"BreadcrumbList\",\"@id\":\"https:\\\/\\\/jbbarreiros.com\\\/#breadcrumb\",\"itemListElement\":[{\"@type\":\"ListItem\",\"position\":1,\"name\":\"Portada\",\"item\":\"https:\\\/\\\/jbbarreiros.com\\\/\"},{\"@type\":\"ListItem\",\"position\":2,\"name\":\"Inicio\"}]},{\"@type\":\"WebSite\",\"@id\":\"https:\\\/\\\/jbbarreiros.com\\\/#website\",\"url\":\"https:\\\/\\\/jbbarreiros.com\\\/\",\"name\":\"JB Modas\",\"description\":\"JB Modas\",\"publisher\":{\"@id\":\"https:\\\/\\\/jbbarreiros.com\\\/#organization\"},\"potentialAction\":[{\"@type\":\"SearchAction\",\"target\":{\"@type\":\"EntryPoint\",\"urlTemplate\":\"https:\\\/\\\/jbbarreiros.com\\\/?s={search_term_string}\"},\"query-input\":{\"@type\":\"PropertyValueSpecification\",\"valueRequired\":true,\"valueName\":\"search_term_string\"}}],\"inLanguage\":\"eu\"},{\"@type\":\"Organization\",\"@id\":\"https:\\\/\\\/jbbarreiros.com\\\/#organization\",\"name\":\"JB Modas\",\"url\":\"https:\\\/\\\/jbbarreiros.com\\\/\",\"logo\":{\"@type\":\"ImageObject\",\"inLanguage\":\"eu\",\"@id\":\"https:\\\/\\\/jbbarreiros.com\\\/#\\\/schema\\\/logo\\\/image\\\/\",\"url\":\"https:\\\/\\\/jbbarreiros.com\\\/wp-content\\\/uploads\\\/2026\\\/03\\\/logo_web-removebg-preview.png\",\"contentUrl\":\"https:\\\/\\\/jbbarreiros.com\\\/wp-content\\\/uploads\\\/2026\\\/03\\\/logo_web-removebg-preview.png\",\"width\":393,\"height\":231,\"caption\":\"JB Modas\"},\"image\":{\"@id\":\"https:\\\/\\\/jbbarreiros.com\\\/#\\\/schema\\\/logo\\\/image\\\/\"}}]}<\/script>\n<!-- \/ Yoast SEO plugin. -->","yoast_head_json":{"title":"Inicio - JB Modas","robots":{"index":"index","follow":"follow","max-snippet":"max-snippet:-1","max-image-preview":"max-image-preview:large","max-video-preview":"max-video-preview:-1"},"canonical":"https:\/\/jbbarreiros.com\/eu\/","og_locale":"en_US","og_type":"article","og_title":"Inicio - JB Modas","og_description":"Tienda de Moda Multimarca para caballero y mujer Visi\u00f3n JB Barreiros comienza su andadura con una visi\u00f3n clara y ambiciosa: ofrecer a hombres y mujeres un espacio \u00fanico donde puedan descubrir y encontrar las \u00faltimas tendencias de moda en un solo lugar accesible para todos. Sobre Nosotros Situada en el vibrante coraz\u00f3n de Algorta (Getxo), [&hellip;]","og_url":"https:\/\/jbbarreiros.com\/eu\/","og_site_name":"JB Modas","article_modified_time":"2026-03-18T15:02:44+00:00","og_image":[{"url":"https:\/\/jbbarreiros.com\/wp-content\/uploads\/2026\/03\/FB_IMG_1771502329971-JB-Barreiros.jpg","type":"","width":"","height":""}],"twitter_card":"summary_large_image","twitter_misc":{"Est. reading time":"1 minutua"},"schema":{"@context":"https:\/\/schema.org","@graph":[{"@type":"WebPage","@id":"https:\/\/jbbarreiros.com\/","url":"https:\/\/jbbarreiros.com\/","name":"Inicio - JB Modas","isPartOf":{"@id":"https:\/\/jbbarreiros.com\/#website"},"primaryImageOfPage":{"@id":"https:\/\/jbbarreiros.com\/#primaryimage"},"image":{"@id":"https:\/\/jbbarreiros.com\/#primaryimage"},"thumbnailUrl":"https:\/\/jbbarreiros.com\/wp-content\/uploads\/2026\/03\/FB_IMG_1771502329971-JB-Barreiros.jpg","datePublished":"2026-03-18T10:52:22+00:00","dateModified":"2026-03-18T15:02:44+00:00","breadcrumb":{"@id":"https:\/\/jbbarreiros.com\/#breadcrumb"},"inLanguage":"eu","potentialAction":[{"@type":"ReadAction","target":["https:\/\/jbbarreiros.com\/"]}]},{"@type":"ImageObject","inLanguage":"eu","@id":"https:\/\/jbbarreiros.com\/#primaryimage","url":"https:\/\/jbbarreiros.com\/wp-content\/uploads\/2026\/03\/FB_IMG_1771502329971-JB-Barreiros.jpg","contentUrl":"https:\/\/jbbarreiros.com\/wp-content\/uploads\/2026\/03\/FB_IMG_1771502329971-JB-Barreiros.jpg"},{"@type":"BreadcrumbList","@id":"https:\/\/jbbarreiros.com\/#breadcrumb","itemListElement":[{"@type":"ListItem","position":1,"name":"Portada","item":"https:\/\/jbbarreiros.com\/"},{"@type":"ListItem","position":2,"name":"Inicio"}]},{"@type":"WebSite","@id":"https:\/\/jbbarreiros.com\/#website","url":"https:\/\/jbbarreiros.com\/","name":"JB Modas","description":"JB Modas","publisher":{"@id":"https:\/\/jbbarreiros.com\/#organization"},"potentialAction":[{"@type":"SearchAction","target":{"@type":"EntryPoint","urlTemplate":"https:\/\/jbbarreiros.com\/?s={search_term_string}"},"query-input":{"@type":"PropertyValueSpecification","valueRequired":true,"valueName":"search_term_string"}}],"inLanguage":"eu"},{"@type":"Organization","@id":"https:\/\/jbbarreiros.com\/#organization","name":"JB Modas","url":"https:\/\/jbbarreiros.com\/","logo":{"@type":"ImageObject","inLanguage":"eu","@id":"https:\/\/jbbarreiros.com\/#\/schema\/logo\/image\/","url":"https:\/\/jbbarreiros.com\/wp-content\/uploads\/2026\/03\/logo_web-removebg-preview.png","contentUrl":"https:\/\/jbbarreiros.com\/wp-content\/uploads\/2026\/03\/logo_web-removebg-preview.png","width":393,"height":231,"caption":"JB Modas"},"image":{"@id":"https:\/\/jbbarreiros.com\/#\/schema\/logo\/image\/"}}]}},"_links":{"self":[{"href":"https:\/\/jbbarreiros.com\/eu\/wp-json\/wp\/v2\/pages\/2","targetHints":{"allow":["GET"]}}],"collection":[{"href":"https:\/\/jbbarreiros.com\/eu\/wp-json\/wp\/v2\/pages"}],"about":[{"href":"https:\/\/jbbarreiros.com\/eu\/wp-json\/wp\/v2\/types\/page"}],"author":[{"embeddable":true,"href":"https:\/\/jbbarreiros.com\/eu\/wp-json\/wp\/v2\/users\/1"}],"replies":[{"embeddable":true,"href":"https:\/\/jbbarreiros.com\/eu\/wp-json\/wp\/v2\/comments?post=2"}],"version-history":[{"count":109,"href":"https:\/\/jbbarreiros.com\/eu\/wp-json\/wp\/v2\/pages\/2\/revisions"}],"predecessor-version":[{"id":395,"href":"https:\/\/jbbarreiros.com\/eu\/wp-json\/wp\/v2\/pages\/2\/revisions\/395"}],"wp:attachment":[{"href":"https:\/\/jbbarreiros.com\/eu\/wp-json\/wp\/v2\/media?parent=2"}],"curies":[{"name":"wp","href":"https:\/\/api.w.org\/{rel}","templated":true}]}}